{"id":2259,"date":"2024-07-17T10:31:10","date_gmt":"2024-07-17T08:31:10","guid":{"rendered":"https:\/\/physiq.com.pl\/?post_type=product&#038;p=2259"},"modified":"2025-12-11T13:43:07","modified_gmt":"2025-12-11T12:43:07","slug":"treningowa-mata-do-jogi-cwiczen-fitness-nbr-physiq-15-cm","status":"publish","type":"product","link":"https:\/\/physiq.com.pl\/en\/sklep\/treningowa-mata-do-jogi-cwiczen-fitness-nbr-physiq-15-cm\/","title":{"rendered":"Treningowa mata do jogi \u0107wicze\u0144 fitness NBR Physiq 1,5 cm"},"content":{"rendered":"","protected":false},"excerpt":{"rendered":"<p>Odkryj mat\u0119 treningow\u0105 NBR od PHYSIQ, idealn\u0105 dla ka\u017cdego sportowca dzi\u0119ki trwa\u0142ej pianki NBR, kt\u00f3ra zapewnia doskona\u0142\u0105 amortyzacj\u0119 i komfort. \u0141atwa w transporcie dzi\u0119ki praktycznym paskom, mata jest wszechstronna i idealna do u\u017cytku zar\u00f3wno w domu, jak i na zewn\u0105trz. Zwi\u0119ksz efektywno\u015b\u0107 swoich trening\u00f3w z PHYSIQ!<\/p>","protected":false},"featured_media":2862,"template":"","meta":{"_acf_changed":false},"product_cat":[55],"product_tag":[],"class_list":{"0":"post-2259","1":"product","2":"type-product","3":"status-publish","4":"has-post-thumbnail","6":"product_cat-akcesoria","8":"first","9":"instock","10":"shipping-taxable","11":"purchasable","12":"product-type-simple"},"acf":[],"_links":{"self":[{"href":"https:\/\/physiq.com.pl\/en\/wp-json\/wp\/v2\/product\/2259","targetHints":{"allow":["GET"]}}],"collection":[{"href":"https:\/\/physiq.com.pl\/en\/wp-json\/wp\/v2\/product"}],"about":[{"href":"https:\/\/physiq.com.pl\/en\/wp-json\/wp\/v2\/types\/product"}],"wp:featuredmedia":[{"embeddable":true,"href":"https:\/\/physiq.com.pl\/en\/wp-json\/wp\/v2\/media\/2862"}],"wp:attachment":[{"href":"https:\/\/physiq.com.pl\/en\/wp-json\/wp\/v2\/media?parent=2259"}],"wp:term":[{"taxonomy":"product_cat","embeddable":true,"href":"https:\/\/physiq.com.pl\/en\/wp-json\/wp\/v2\/product_cat?post=2259"},{"taxonomy":"product_tag","embeddable":true,"href":"https:\/\/physiq.com.pl\/en\/wp-json\/wp\/v2\/product_tag?post=2259"}],"curies":[{"name":"wp","href":"https:\/\/api.w.org\/{rel}","templated":true}]}}