{"id":2289,"date":"2024-07-18T16:05:32","date_gmt":"2024-07-18T14:05:32","guid":{"rendered":"https:\/\/physiq.com.pl\/?post_type=product&#038;p=2289"},"modified":"2025-12-11T13:42:56","modified_gmt":"2025-12-11T12:42:56","slug":"physiq-poduszka-sensomotoryczna-rehabilitacyjna","status":"publish","type":"product","link":"https:\/\/physiq.com.pl\/en\/sklep\/physiq-poduszka-sensomotoryczna-rehabilitacyjna\/","title":{"rendered":"Physiq poduszka sensomotoryczna rehabilitacyjna"},"content":{"rendered":"","protected":false},"excerpt":{"rendered":"<p>Odkryj poduszk\u0119 sensomotoryczn\u0105 Physiq, zaprojektowan\u0105 do wsparcia rehabilitacji i poprawy koordynacji. Zbudowana z trwa\u0142ego PVC, poduszka jest doskona\u0142a do u\u017cytku w warunkach domowych jak i profesjonalnych. Idealna dla ka\u017cdego, kto chce utrzyma\u0107 zdrowie i dobr\u0105 kondycj\u0119 fizyczn\u0105.<\/p>","protected":false},"featured_media":3306,"template":"","meta":{"_acf_changed":false},"product_cat":[55],"product_tag":[],"class_list":{"0":"post-2289","1":"product","2":"type-product","3":"status-publish","4":"has-post-thumbnail","6":"product_cat-akcesoria","8":"first","9":"instock","10":"shipping-taxable","11":"purchasable","12":"product-type-simple"},"acf":[],"_links":{"self":[{"href":"https:\/\/physiq.com.pl\/en\/wp-json\/wp\/v2\/product\/2289","targetHints":{"allow":["GET"]}}],"collection":[{"href":"https:\/\/physiq.com.pl\/en\/wp-json\/wp\/v2\/product"}],"about":[{"href":"https:\/\/physiq.com.pl\/en\/wp-json\/wp\/v2\/types\/product"}],"wp:featuredmedia":[{"embeddable":true,"href":"https:\/\/physiq.com.pl\/en\/wp-json\/wp\/v2\/media\/3306"}],"wp:attachment":[{"href":"https:\/\/physiq.com.pl\/en\/wp-json\/wp\/v2\/media?parent=2289"}],"wp:term":[{"taxonomy":"product_cat","embeddable":true,"href":"https:\/\/physiq.com.pl\/en\/wp-json\/wp\/v2\/product_cat?post=2289"},{"taxonomy":"product_tag","embeddable":true,"href":"https:\/\/physiq.com.pl\/en\/wp-json\/wp\/v2\/product_tag?post=2289"}],"curies":[{"name":"wp","href":"https:\/\/api.w.org\/{rel}","templated":true}]}}