{"id":2291,"date":"2024-07-18T16:10:21","date_gmt":"2024-07-18T14:10:21","guid":{"rendered":"https:\/\/physiq.com.pl\/?post_type=product&#038;p=2291"},"modified":"2025-12-11T13:42:13","modified_gmt":"2025-12-11T12:42:13","slug":"physiq-pilka-gimnastyczna-rehabilitacyjna-65-cm","status":"publish","type":"product","link":"https:\/\/physiq.com.pl\/en\/sklep\/physiq-pilka-gimnastyczna-rehabilitacyjna-65-cm\/","title":{"rendered":"Physiq pi\u0142ka gimnastyczna rehabilitacyjna 65 cm"},"content":{"rendered":"","protected":false},"excerpt":{"rendered":"<p>Odkryj pi\u0142k\u0119 gimnastyczn\u0105 Physiq, stworzon\u0105 do wsparcia zar\u00f3wno rehabilitacji, jak i og\u00f3lnorozwojowego treningu fitness. Dzi\u0119ki solidnemu wykonaniu z PVC, pi\u0142ka zapewnia stabilno\u015b\u0107 i bezpiecze\u0144stwo, u\u0142atwiaj\u0105c wykonywanie \u0107wicze\u0144, kt\u00f3re poprawiaj\u0105 koordynacj\u0119 i r\u00f3wnowag\u0119. Idealna do u\u017cytku domowego oraz profesjonalnego, zapewni efektywno\u015b\u0107 twoich trening\u00f3w.<\/p>","protected":false},"featured_media":3305,"template":"","meta":{"_acf_changed":false},"product_cat":[55],"product_tag":[],"class_list":{"0":"post-2291","1":"product","2":"type-product","3":"status-publish","4":"has-post-thumbnail","6":"product_cat-akcesoria","8":"first","9":"instock","10":"shipping-taxable","11":"purchasable","12":"product-type-simple"},"acf":[],"_links":{"self":[{"href":"https:\/\/physiq.com.pl\/en\/wp-json\/wp\/v2\/product\/2291","targetHints":{"allow":["GET"]}}],"collection":[{"href":"https:\/\/physiq.com.pl\/en\/wp-json\/wp\/v2\/product"}],"about":[{"href":"https:\/\/physiq.com.pl\/en\/wp-json\/wp\/v2\/types\/product"}],"wp:featuredmedia":[{"embeddable":true,"href":"https:\/\/physiq.com.pl\/en\/wp-json\/wp\/v2\/media\/3305"}],"wp:attachment":[{"href":"https:\/\/physiq.com.pl\/en\/wp-json\/wp\/v2\/media?parent=2291"}],"wp:term":[{"taxonomy":"product_cat","embeddable":true,"href":"https:\/\/physiq.com.pl\/en\/wp-json\/wp\/v2\/product_cat?post=2291"},{"taxonomy":"product_tag","embeddable":true,"href":"https:\/\/physiq.com.pl\/en\/wp-json\/wp\/v2\/product_tag?post=2291"}],"curies":[{"name":"wp","href":"https:\/\/api.w.org\/{rel}","templated":true}]}}