{"id":2298,"date":"2024-07-18T16:12:22","date_gmt":"2024-07-18T14:12:22","guid":{"rendered":"https:\/\/physiq.com.pl\/?post_type=product&#038;p=2298"},"modified":"2025-12-11T13:41:35","modified_gmt":"2025-12-11T12:41:35","slug":"physiq-zestaw-rollerow-4-szt","status":"publish","type":"product","link":"https:\/\/physiq.com.pl\/en\/sklep\/physiq-zestaw-rollerow-4-szt\/","title":{"rendered":"Physiq zestaw roller\u00f3w 4 szt. czarno-niebieske"},"content":{"rendered":"","protected":false},"excerpt":{"rendered":"<p>Odkryj zestaw roller\u00f3w Physiq, stworzony do wsparcia Twojej kondycji fizycznej i regeneracji mi\u0119\u015bni. Zawiera cztery r\u00f3\u017cne rodzaje roller\u00f3w: du\u017cy wa\u0142ek, ma\u0142y wa\u0142ek, duoball i pi\u0142eczk\u0119, ka\u017cdy wykonany z trwa\u0142ego materia\u0142u EPP. W zestawie znajduje si\u0119 r\u00f3wnie\u017c praktyczny worek, kt\u00f3ry u\u0142atwia transport i przechowywanie. Idealny do u\u017cytku zar\u00f3wno domowego, jak i profesjonalnego, umo\u017cliwia efektywne \u0107wiczenia poprawiaj\u0105ce elastyczno\u015b\u0107 i redukuj\u0105ce napi\u0119cie mi\u0119\u015bniowe.<\/p>","protected":false},"featured_media":3248,"template":"","meta":{"_acf_changed":false},"product_cat":[55],"product_tag":[],"class_list":{"0":"post-2298","1":"product","2":"type-product","3":"status-publish","4":"has-post-thumbnail","6":"product_cat-akcesoria","8":"first","9":"instock","10":"shipping-taxable","11":"purchasable","12":"product-type-simple"},"acf":[],"_links":{"self":[{"href":"https:\/\/physiq.com.pl\/en\/wp-json\/wp\/v2\/product\/2298","targetHints":{"allow":["GET"]}}],"collection":[{"href":"https:\/\/physiq.com.pl\/en\/wp-json\/wp\/v2\/product"}],"about":[{"href":"https:\/\/physiq.com.pl\/en\/wp-json\/wp\/v2\/types\/product"}],"wp:featuredmedia":[{"embeddable":true,"href":"https:\/\/physiq.com.pl\/en\/wp-json\/wp\/v2\/media\/3248"}],"wp:attachment":[{"href":"https:\/\/physiq.com.pl\/en\/wp-json\/wp\/v2\/media?parent=2298"}],"wp:term":[{"taxonomy":"product_cat","embeddable":true,"href":"https:\/\/physiq.com.pl\/en\/wp-json\/wp\/v2\/product_cat?post=2298"},{"taxonomy":"product_tag","embeddable":true,"href":"https:\/\/physiq.com.pl\/en\/wp-json\/wp\/v2\/product_tag?post=2298"}],"curies":[{"name":"wp","href":"https:\/\/api.w.org\/{rel}","templated":true}]}}