{"id":4514,"date":"2024-12-12T10:36:44","date_gmt":"2024-12-12T09:36:44","guid":{"rendered":"https:\/\/physiq.com.pl\/?post_type=product&#038;p=4514"},"modified":"2025-12-10T13:29:06","modified_gmt":"2025-12-10T12:29:06","slug":"waga-physiq-rozowa","status":"publish","type":"product","link":"https:\/\/physiq.com.pl\/en\/sklep\/waga-physiq-rozowa\/","title":{"rendered":"Waga Physiq R\u00f3\u017cowa"},"content":{"rendered":"","protected":false},"excerpt":{"rendered":"<p>To wi\u0119cej ni\u017c standardowa waga. Perfekcyjne po\u0142\u0105czenie elegancji z technologi\u0105, przeznaczone dla profesjonalist\u00f3w sportu, jak i tych, kt\u00f3rzy dbaj\u0105 o zdrowy styl \u017cycia. Z \u0142atwo\u015bci\u0105 analizuje 13 kluczowych parametr\u00f3w Twojego cia\u0142a, prezentuj\u0105c wyniki na kolorowym wy\u015bwietlaczu. Wykorzystuj\u0105c zaawansowane czujniki, dostarcza kompletne dane niezb\u0119dne do \u015bledzenia Twojego post\u0119pu i dbania o zdrowie ca\u0142ej rodziny.<\/p>","protected":false},"featured_media":4515,"template":"","meta":{"_acf_changed":false},"product_cat":[64,54,65,32],"product_tag":[62],"class_list":{"0":"post-4514","1":"product","2":"type-product","3":"status-publish","4":"has-post-thumbnail","6":"product_cat-prezenty","7":"product_cat-sprzet","8":"product_cat-wagi","9":"product_cat-wyprzedaz","10":"product_tag-waga","12":"first","13":"instock","14":"sale","15":"shipping-taxable","16":"purchasable","17":"product-type-simple"},"acf":[],"_links":{"self":[{"href":"https:\/\/physiq.com.pl\/en\/wp-json\/wp\/v2\/product\/4514","targetHints":{"allow":["GET"]}}],"collection":[{"href":"https:\/\/physiq.com.pl\/en\/wp-json\/wp\/v2\/product"}],"about":[{"href":"https:\/\/physiq.com.pl\/en\/wp-json\/wp\/v2\/types\/product"}],"wp:featuredmedia":[{"embeddable":true,"href":"https:\/\/physiq.com.pl\/en\/wp-json\/wp\/v2\/media\/4515"}],"wp:attachment":[{"href":"https:\/\/physiq.com.pl\/en\/wp-json\/wp\/v2\/media?parent=4514"}],"wp:term":[{"taxonomy":"product_cat","embeddable":true,"href":"https:\/\/physiq.com.pl\/en\/wp-json\/wp\/v2\/product_cat?post=4514"},{"taxonomy":"product_tag","embeddable":true,"href":"https:\/\/physiq.com.pl\/en\/wp-json\/wp\/v2\/product_tag?post=4514"}],"curies":[{"name":"wp","href":"https:\/\/api.w.org\/{rel}","templated":true}]}}