{"id":5972,"date":"2025-08-31T12:11:21","date_gmt":"2025-08-31T10:11:21","guid":{"rendered":"https:\/\/physiq.com.pl\/?post_type=product&#038;p=5972"},"modified":"2026-02-03T23:07:33","modified_gmt":"2026-02-03T22:07:33","slug":"physiq-butelka-bidon-dla-dzieci-z-tritanu-650-ml-czarno-zielona","status":"publish","type":"product","link":"https:\/\/physiq.com.pl\/en\/sklep\/physiq-butelka-bidon-dla-dzieci-z-tritanu-650-ml-czarno-zielona\/","title":{"rendered":"Physiq butelka, bidon dla dzieci z tritanu 650 ml czarno-zielona"},"content":{"rendered":"","protected":false},"excerpt":{"rendered":"<p data-start=\"127\" data-end=\"399\">Butelka PHYSIQ dla dzieci 650 ml zosta\u0142a stworzona z my\u015bl\u0105 o najm\u0142odszych \u2013 idealnie sprawdzi si\u0119 w szkole, przedszkolu i na treningach. Dzi\u0119ki szczelnemu zamkni\u0119ciu nie przecieka w plecaku, a antypo\u015blizgowa pow\u0142oka sprawia, \u017ce dziecko wygodnie i pewnie trzyma j\u0105 w d\u0142oni.<\/p>\n<p data-start=\"401\" data-end=\"572\">Butelka wykonana jest z bezpiecznego materia\u0142u wolnego od BPA i przeznaczona do wielokrotnego u\u017cytku \u2013 to ekologiczny wyb\u00f3r, kt\u00f3ry pomaga ogranicza\u0107 plastik jednorazowy.<\/p>\n<p data-start=\"574\" data-end=\"803\">Dzi\u0119ki do\u0142\u0105czonym naklejkom personalizacyjnym ka\u017cde dziecko mo\u017ce ozdobi\u0107 j\u0105 po swojemu. To praktyczne rozwi\u0105zanie, kt\u00f3re u\u0142atwia rozpoznanie w\u0142asnych rzeczy i zach\u0119ca do regularnego picia wody.<\/p>\n<p data-start=\"805\" data-end=\"973\">Trwa\u0142a, lekka i por\u0119czna \u2013 stanie si\u0119 codziennym towarzyszem Twojego dziecka, niezale\u017cnie od tego, czy sp\u0119dza dzie\u0144 w klasie, na boisku czy podczas zaj\u0119\u0107 dodatkowych.<\/p>","protected":false},"featured_media":5975,"template":"","meta":{"_acf_changed":false},"product_cat":[74,55],"product_tag":[69],"class_list":{"0":"post-5972","1":"product","2":"type-product","3":"status-publish","4":"has-post-thumbnail","6":"product_cat-butelki","7":"product_cat-akcesoria","8":"product_tag-butelka","10":"first","11":"instock","12":"sale","13":"shipping-taxable","14":"purchasable","15":"product-type-simple"},"acf":[],"_links":{"self":[{"href":"https:\/\/physiq.com.pl\/en\/wp-json\/wp\/v2\/product\/5972","targetHints":{"allow":["GET"]}}],"collection":[{"href":"https:\/\/physiq.com.pl\/en\/wp-json\/wp\/v2\/product"}],"about":[{"href":"https:\/\/physiq.com.pl\/en\/wp-json\/wp\/v2\/types\/product"}],"wp:featuredmedia":[{"embeddable":true,"href":"https:\/\/physiq.com.pl\/en\/wp-json\/wp\/v2\/media\/5975"}],"wp:attachment":[{"href":"https:\/\/physiq.com.pl\/en\/wp-json\/wp\/v2\/media?parent=5972"}],"wp:term":[{"taxonomy":"product_cat","embeddable":true,"href":"https:\/\/physiq.com.pl\/en\/wp-json\/wp\/v2\/product_cat?post=5972"},{"taxonomy":"product_tag","embeddable":true,"href":"https:\/\/physiq.com.pl\/en\/wp-json\/wp\/v2\/product_tag?post=5972"}],"curies":[{"name":"wp","href":"https:\/\/api.w.org\/{rel}","templated":true}]}}