{"id":7456,"date":"2026-03-05T15:25:26","date_gmt":"2026-03-05T14:25:26","guid":{"rendered":"https:\/\/physiq.com.pl\/?post_type=product&#038;p=7456"},"modified":"2026-03-19T13:38:22","modified_gmt":"2026-03-19T12:38:22","slug":"waga-kuchenna-physiq-czarna","status":"publish","type":"product","link":"https:\/\/physiq.com.pl\/en\/sklep\/waga-kuchenna-physiq-czarna\/","title":{"rendered":"Waga kuchenna Physiq Czarna"},"content":{"rendered":"","protected":false},"excerpt":{"rendered":"<p>Nowoczesna, ultracienka waga kuchenna, kt\u00f3ra nie tylko precyzyjnie wa\u017cy sk\u0142adniki (od 1 g), ale te\u017c <strong data-start=\"277\" data-end=\"333\">liczy kalorie i makrosk\u0142adniki w czasie rzeczywistym<\/strong> dzi\u0119ki aplikacji <strong data-start=\"351\" data-end=\"362\">FeelFit<\/strong> (PL, iOS\/Android). Idealna do codziennego gotowania, meal prepu i diet z dok\u0142adnym \u015bledzeniem warto\u015bci od\u017cywczych.<\/p>","protected":false},"featured_media":7467,"template":"","meta":{"_acf_changed":false},"product_cat":[54,65,72],"product_tag":[70],"class_list":{"0":"post-7456","1":"product","2":"type-product","3":"status-publish","4":"has-post-thumbnail","6":"product_cat-sprzet","7":"product_cat-wagi","8":"product_cat-wagi-kuchenne","9":"product_tag-waga-kuchenna","11":"first","12":"instock","13":"sale","14":"shipping-taxable","15":"purchasable","16":"product-type-simple"},"acf":[],"_links":{"self":[{"href":"https:\/\/physiq.com.pl\/en\/wp-json\/wp\/v2\/product\/7456","targetHints":{"allow":["GET"]}}],"collection":[{"href":"https:\/\/physiq.com.pl\/en\/wp-json\/wp\/v2\/product"}],"about":[{"href":"https:\/\/physiq.com.pl\/en\/wp-json\/wp\/v2\/types\/product"}],"wp:featuredmedia":[{"embeddable":true,"href":"https:\/\/physiq.com.pl\/en\/wp-json\/wp\/v2\/media\/7467"}],"wp:attachment":[{"href":"https:\/\/physiq.com.pl\/en\/wp-json\/wp\/v2\/media?parent=7456"}],"wp:term":[{"taxonomy":"product_cat","embeddable":true,"href":"https:\/\/physiq.com.pl\/en\/wp-json\/wp\/v2\/product_cat?post=7456"},{"taxonomy":"product_tag","embeddable":true,"href":"https:\/\/physiq.com.pl\/en\/wp-json\/wp\/v2\/product_tag?post=7456"}],"curies":[{"name":"wp","href":"https:\/\/api.w.org\/{rel}","templated":true}]}}