{"id":7501,"date":"2026-03-05T20:00:47","date_gmt":"2026-03-05T19:00:47","guid":{"rendered":"https:\/\/physiq.com.pl\/?post_type=product&#038;p=7501"},"modified":"2026-03-28T15:06:10","modified_gmt":"2026-03-28T14:06:10","slug":"masazer-physiq-zielony-etui-gratis","status":"publish","type":"product","link":"https:\/\/physiq.com.pl\/en\/sklep\/masazer-physiq-zielony-etui-gratis\/","title":{"rendered":"Masa\u017cer Physiq Zielony + Etui GRATIS"},"content":{"rendered":"","protected":false},"excerpt":{"rendered":"<p>Masa\u017cer Physiq \u0142\u0105czy nowoczesn\u0105 technologi\u0119 z eleganckim designem, zapewniaj\u0105c najwy\u017csz\u0105 jako\u015b\u0107 masa\u017cu w komfortowych warunkach domowych. Wykorzystuj\u0105c zaawansowane funkcje oraz r\u00f3\u017cnorodne tryby pracy, idealnie odpowiada na potrzeby zar\u00f3wno profesjonalist\u00f3w, jak i os\u00f3b dbaj\u0105cych o swoje zdrowie i samopoczucie. Lekki, trwa\u0142y i \u0142atwy w obs\u0142udze, Physiq staje si\u0119 niezast\u0105pionym towarzyszem w codziennej trosce o kondycj\u0119 cia\u0142a.<\/p>","protected":false},"featured_media":7503,"template":"","meta":{"_acf_changed":false},"product_cat":[64,54,66,73],"product_tag":[61],"class_list":{"0":"post-7501","1":"product","2":"type-product","3":"status-publish","4":"has-post-thumbnail","6":"product_cat-prezenty","7":"product_cat-sprzet","8":"product_cat-masazery","9":"product_cat-konfigurator","10":"product_tag-masazer","12":"first","13":"instock","14":"sale","15":"shipping-taxable","16":"purchasable","17":"product-type-simple"},"acf":[],"_links":{"self":[{"href":"https:\/\/physiq.com.pl\/en\/wp-json\/wp\/v2\/product\/7501","targetHints":{"allow":["GET"]}}],"collection":[{"href":"https:\/\/physiq.com.pl\/en\/wp-json\/wp\/v2\/product"}],"about":[{"href":"https:\/\/physiq.com.pl\/en\/wp-json\/wp\/v2\/types\/product"}],"wp:featuredmedia":[{"embeddable":true,"href":"https:\/\/physiq.com.pl\/en\/wp-json\/wp\/v2\/media\/7503"}],"wp:attachment":[{"href":"https:\/\/physiq.com.pl\/en\/wp-json\/wp\/v2\/media?parent=7501"}],"wp:term":[{"taxonomy":"product_cat","embeddable":true,"href":"https:\/\/physiq.com.pl\/en\/wp-json\/wp\/v2\/product_cat?post=7501"},{"taxonomy":"product_tag","embeddable":true,"href":"https:\/\/physiq.com.pl\/en\/wp-json\/wp\/v2\/product_tag?post=7501"}],"curies":[{"name":"wp","href":"https:\/\/api.w.org\/{rel}","templated":true}]}}